{"id":131,"date":"2018-05-14T16:29:26","date_gmt":"2018-05-14T14:29:26","guid":{"rendered":"http:\/\/2018.paradigma-entertainment.com\/?page_id=131"},"modified":"2018-06-01T17:38:40","modified_gmt":"2018-06-01T15:38:40","slug":"politik-fuer-junge-leute-2008","status":"publish","type":"page","link":"https:\/\/paradigma-entertainment.com\/?page_id=131&lang=de","title":{"rendered":"Politik f\u00fcr junge Leute (2008)"},"content":{"rendered":"<p><iframe src=\"https:\/\/player.vimeo.com\/video\/175726743\" width=\"640\" height=\"360\" frameborder=\"0\" allowfullscreen><\/iframe><\/p>\n<p><strong>Produzent &#038; Regie: <\/strong><a href=\"https:\/\/www.imdb.com\/name\/nm1672027\/\" rel=\"noopener\" target=\"_blank\">Sven J. Matten<\/a><br \/>\n<strong>Drehbuch: <\/strong>Frank Schubert, auf Basis der Inhalte von<br \/>\nWunibald Heigl und Dr. Robert Hofmann<br \/>\n<strong>Genre:  <\/strong>Politische Bildung f\u00fcr Kinder und Jugendliche<br \/>\n<strong>Kamera: <\/strong>Marcus Otto<br \/>\n<strong>Schnitt: <\/strong>Benjamin Gurn<br \/>\n<strong>Produktionsleitung: <\/strong>Udo Alter<br \/>\n<strong>Besetzung:<\/strong> Norbert Aberle, Hans-J\u00fcrgen Stockerl, Silke Klug-Bader,<br \/>\nLilly Schmieder, Daniel Bader, Hannah Albrecht<br \/>\n<strong>Musik: <\/strong>Lars Deutsch<\/p>\n<p><strong>Logline:<\/strong><br \/>\nIn dieser Spielfilmserie f\u00fcr Kinder und Jugendliche soll anhand von spannenden und humorvollen Episoden mit je 30 Minuten L\u00e4nge ein vom Schulunterricht unabh\u00e4ngiger wie auch selbigen vorbereitender und begleitender Einstieg in das Wissen \u00fcber Politik geschaffen werden und bei den jungen Leuten Interesse an und Lust auf die Besch\u00e4ftigung mit politischen Themen wecken.<\/p>\n<p><strong>Synopsis:<\/strong><br \/>\nDie Kinder und Jugendlichen werden von zwei jungen Projektionsfiguren durch die verschiedenen Kapitel gef\u00fchrt, Marie und Moritz. Sie nehmen die Zuschauer mit auf eine Entdeckungsreise in die Welt der Politik und der demokratischen Gesellschaft, erleben dabei Abenteuer wie auch den ganz normalen Alltag.<br \/>\nDie Reise beginnt in der Schule und geht zu Hause weiter: die Geschichten werden \u00fcber die Familie von Marie und Moritz transportiert, eine ganz normale Familie, ein durchschnittliches soziales Umfeld, in der es manchmal knirscht, f\u00fcr die aber gegenseitiger Respekt und demokratische Grund\u00fcberzeugungen die Basis des Zusammenlebens im Gro\u00dfen wie im Kleinen sind.<br \/>\nDa gibt es den Onkel Theo, er ist der Abgeordnete M\u00fcller-Ulm, seinen Bruder, seine Schw\u00e4gerin und eben die beiden Kinder und deren Freunde. Onkel Theos Beruf bildet den Ausgangspunkt f\u00fcr lebhafte Diskussionen \u00fcber die Welt der Politik und ihre Auspr\u00e4gungen in der sozialen Landschaft Deutschlands, wobei die Fragen der wissbegierigen \u2013 und durchaus kritischen \u2013 Kinder von den Erwachsenen aufgenommen und diskutiert werden.<br \/>\nDramaturgisch-praktisch bedeutet dies, dass nach den gezeigten Erleben in den Spielszenen komplexere Lerninhalte noch einmal \u00fcber Grafiken, Schaubilder oder Animationen dargestellt werden (z.B. Regeln der modernen Demokratie oder Gewaltenteilung der Demokratie als Schaubild auf einen Blick \u00fcbersehbar), w\u00e4hrend die Figuren diese aus der Spielhandlung heraus aus dem Off genauer erl\u00e4utern.<\/p>\n<p><strong>Marketing und Sales:<\/strong><br \/>\nDie Themenbl\u00f6cke, die im allt\u00e4glichen Leben, in der Familie und auch im Politik- bzw. Sozialkundeunterricht oder als f\u00e4cher\u00fcbergreifendes Prinzip in Rahmenlehrpl\u00e4nen (Deutsch, Religion\/Ethik, Geschichte etc) einen festen Stellenwert haben, werden in einer bisher einzigartigen, unterhaltsamen und lebendigen Form, n\u00e4mlich auf der Ebene der Zielgruppe, den Kindern und Jugendlichen nahe gebracht.<\/p>\n<p>Die Filme sind zusammen mit ihrem Begleitmaterial konzipiert f\u00fcr den Einsatz \u00fcber Fernsehen, DVD, Lehrer und Erzieher mit umfassender Verbreitung im deutschsprachigen Raum, sowie direkt f\u00fcr Eltern und deren Kinder und f\u00fcr das Schulfernsehen mit eventuellem Download des Begleitmaterials. Die Spiell\u00e4nge einer gesamten Einzelfolge betr\u00e4gt 30 Minuten und wird jeweils durch ausf\u00fchrliches Begleitmaterial erg\u00e4nzt. Die einzelnen Bildungsmodule bilden die Grundstruktur der Filmepisoden, so dass sie auch einzeln im Unterricht oder bei Bedarf abgerufen werden k\u00f6nnen (DVD).<br \/>\nDamit wird Lehrern, Erziehern und Eltern die M\u00f6glichkeit gegeben, gezielt und kurzweilig einzelne Bildungsinhalte behandeln zu k\u00f6nnen und diese konkret mit den Lebenserfahrungen und Konflikten von Jugendlichen und deren Umfeld zu verbinden und zu erreichen, dass Jugendliche eine positive, authentische Idee von Demokratie bekommen. Die einzelnen Sequenzen sind weder langweilig-unproblematisch noch nudeln sie Institutionen ab oder arbeiten schulmeisterlich mit dem erhobenen Zeigefinger. Sie wollen vielmehr &#8222;Emotionen wecken und diese in Lernerfolge umsetzen&#8220; (W.Benz).<\/p>\n<p><strong>L\u00e4nge: <\/strong>3 Folgen \u00e0 30 Minuten<br \/>\n<strong>Format &#038; Ton: <\/strong>Beta Digital \/ Dolby SR<\/p>\n<p><strong>Pressebetreuung:<\/strong><br \/>\n<a href=\"http:\/\/www.ulrichgroup.de\/home.html\" rel=\"noopener\" target=\"_blank\">Ulrich Group GmbH<\/a>, M\u00fcnchen, Telefon: 089 \/ 439 84 00<br \/>\nE-Mail: info@ulrichgroup.de <\/p>\n","protected":false},"excerpt":{"rendered":"<p>Produzent &#038; Regie: Sven J. Matten Drehbuch: Frank Schubert, auf Basis der Inhalte von Wunibald Heigl und Dr. Robert Hofmann Genre: Politische Bildung f\u00fcr Kinder und Jugendliche Kamera: Marcus Otto Schnitt: Benjamin Gurn Produktionsleitung: Udo Alter Besetzung: Norbert Aberle, Hans-J\u00fcrgen Stockerl, Silke Klug-Bader, Lilly Schmieder, Daniel Bader, Hannah Albrecht Musik: Lars Deutsch Logline: In dieser &hellip; <\/p>\n<p class=\"link-more\"><a href=\"https:\/\/paradigma-entertainment.com\/?page_id=131&#038;lang=de\" class=\"more-link\"><span class=\"screen-reader-text\">\u201ePolitik f\u00fcr junge Leute (2008)\u201c <\/span>weiterlesen<\/a><\/p>\n","protected":false},"author":1,"featured_media":0,"parent":0,"menu_order":0,"comment_status":"closed","ping_status":"closed","template":"","meta":{"_angie_page":false,"footnotes":""},"class_list":["post-131","page","type-page","status-publish","hentry"],"_links":{"self":[{"href":"https:\/\/paradigma-entertainment.com\/index.php?rest_route=\/wp\/v2\/pages\/131","targetHints":{"allow":["GET"]}}],"collection":[{"href":"https:\/\/paradigma-entertainment.com\/index.php?rest_route=\/wp\/v2\/pages"}],"about":[{"href":"https:\/\/paradigma-entertainment.com\/index.php?rest_route=\/wp\/v2\/types\/page"}],"author":[{"embeddable":true,"href":"https:\/\/paradigma-entertainment.com\/index.php?rest_route=\/wp\/v2\/users\/1"}],"replies":[{"embeddable":true,"href":"https:\/\/paradigma-entertainment.com\/index.php?rest_route=%2Fwp%2Fv2%2Fcomments&post=131"}],"version-history":[{"count":10,"href":"https:\/\/paradigma-entertainment.com\/index.php?rest_route=\/wp\/v2\/pages\/131\/revisions"}],"predecessor-version":[{"id":754,"href":"https:\/\/paradigma-entertainment.com\/index.php?rest_route=\/wp\/v2\/pages\/131\/revisions\/754"}],"wp:attachment":[{"href":"https:\/\/paradigma-entertainment.com\/index.php?rest_route=%2Fwp%2Fv2%2Fmedia&parent=131"}],"curies":[{"name":"wp","href":"https:\/\/api.w.org\/{rel}","templated":true}]}}