{"id":150,"date":"2018-05-14T16:33:18","date_gmt":"2018-05-14T14:33:18","guid":{"rendered":"http:\/\/2018.paradigma-entertainment.com\/?page_id=150"},"modified":"2018-06-01T17:27:21","modified_gmt":"2018-06-01T15:27:21","slug":"out-now-2005-2","status":"publish","type":"page","link":"https:\/\/paradigma-entertainment.com\/?page_id=150&lang=de","title":{"rendered":"Out Now (2005)"},"content":{"rendered":"<p><iframe src=\"https:\/\/player.vimeo.com\/video\/45435648\" width=\"640\" height=\"360\" frameborder=\"0\" allowfullscreen=\"allowfullscreen\"><\/iframe><\/p>\n<p><strong>Produzent &amp; Regie: <\/strong><a href=\"https:\/\/www.imdb.com\/name\/nm1672027\/\" target=\"_blank\" rel=\"noopener\">Sven J. Matten<\/a><br \/>\n<strong>Drehbuch: <\/strong>Tina Schulte &amp; Renatus T\u00f6pke<br \/>\n<strong>Genre: <\/strong>Coming of Age<br \/>\n<strong>Kamera: <\/strong>Michael Sigloch<br \/>\n<strong>Schnitt: <\/strong>Anna Vogel<br \/>\n<strong>Produktionsleitung: <\/strong>Udo Alter<br \/>\n<strong>Besetzung: <\/strong>Dennis Prinz, Veit Messerschmidt, David Langer,<br \/>\nJennifer Schmid, Dunja Bengsch<br \/>\n<strong>Musik: <\/strong>Michael Bauer, Florian Moser,<br \/>\nBenedikt Brachtel, Hans-Peter Str\u00f6er<\/p>\n<p><strong>Logline: <\/strong><br \/>\nNach einigen dramatischen Ereignissen erkennt der 16-j\u00e4hrige schwule Tom, dass die Dinge oft ganz anders sind, als sie scheinen und dass Schwulsein gar nicht so au\u00dfergew\u00f6hnlich ist, wie er glaubt.<\/p>\n<p><strong>Synopsis:<\/strong><br \/>\nTom (16) wohnt in einem kleinen Wintersportort in Deutschland. Er ist schwul, chattet im Internet mit anderen schwulen Jungs, aber zugeben w\u00fcrde er das niemals. In der Schule wird er geh\u00e4nselt und bedroht und von seinen Eltern f\u00fchlt er sich unverstanden, doch dann wird sein Leben innerhalb k\u00fcrzester Zeit auf den Kopf gestellt: Auf Umwegen findet Tom heraus, dass Nikias, einer seiner coolen Mitsch\u00fcler, die ihn verachten, auch eher mit Jungs rummacht als mit M\u00e4dels \u2013 um genauer zu sein: er erwischt ihn mit einem anderen aus der Clique knutschend auf der Couch. Und dann gibt es da noch einen sehr h\u00fcbschen Kiosk-Verk\u00e4ufer&#8230; Wird Tom es schaffen, endlich zu sich und seinen Gef\u00fchlen zu stehen?<\/p>\n<p><strong>Director\u2019s Note:<\/strong><br \/>\nOUT NOW ist ein gelungenes Wagnis. Obwohl in der \u00d6ffentlichkeit immer wieder darauf hingewiesen wird, wie selbstverst\u00e4ndlich Homosexualit\u00e4t heute ist, birgt dieses Thema sowohl f\u00fcr die Betroffenen als auch f\u00fcr ihr Umfeld, wie etwa Freunde und Familie, nach wie vor ein gro\u00dfes Problempotential. Deshalb sind Filme wie OUT NOW wichtig \u2013 um wachzur\u00fctteln, aufzukl\u00e4ren und als Pl\u00e4doyer f\u00fcr Toleranz und Mitgef\u00fchl statt Wegsehen und Ausgrenzen.<\/p>\n<p><strong>Marketing und Sales:<\/strong><br \/>\nDurch die Besonderheit des Projektes \u2013 OUT NOW bietet die sensible und doch konkrete Aufarbeitung eines gesellschaftlich brisanten Themas, speziell zugeschnitten auf die Verwertung in Schulen und anderen Bildungseinrichtungen und doch auch mit Spielfilmappeal, z.B. f\u00fcr TV oder Festival, anstatt des (beim Publikum oft negativ besetzten) Bildungsfernsehcharakters herk\u00f6mmlicher Schulfilme \u2013 ergibt sich bei OUT NOW auch eine au\u00dfergew\u00f6hnliche Situation. Die f\u00fcr ein derartiges Projekt gro\u00dfe N\u00e4he zum Publikum und das damit verbundene Identifikationspotential des Films, das durch den Spielcharakter und die jungen, unverbrauchten Gesichter der Darsteller sowie die Professionalit\u00e4t der Produktion gew\u00e4hrleistet ist, ist im Fall von OUT NOW gekoppelt mit einer fl\u00e4chendeckenden Auswertung von OUT NOW im deutschsprachigen Raum. Zus\u00e4tzlich zu dieser gro\u00dfen Verbreitung wird durch die konzentrierte Bearbeitung des Filmes in Unterricht u.a. ein hoher Wiedererkennungswert, Identifikation und Diskussion bei der jungen Zielgruppe erreicht. OUT NOW ist der erste offizielle Kurzfilm mit Arbeitsbl\u00e4ttern zum Unterrichtseinsatz in Deutschland bez\u00fcglich des Themas gleichgeschlechtlicher Orientierung.<\/p>\n<p><strong>Ausgezeichnet <\/strong>mit dem Pr\u00e4dikat \u201ewertvoll\u201c der <a href=\"http:\/\/www.fbw-filmbewertung.com\/\" target=\"_blank\" rel=\"noopener\">Filmbewertungsstelle Wiesbaden (FBW)<\/a><br \/>\n<strong>Vorgeschlagen<\/strong> f\u00fcr den <a href=\"https:\/\/www.deutscher-kurzfilmpreis.de\/Webs\/DKFP\/DE\/Startseite\/startseite_node.html\" target=\"_blank\" rel=\"noopener\">Deutschen Kurzfilmpreis 2005<\/a><\/p>\n<p><strong>Vertriebspartner: <\/strong><br \/>\n<a href=\"https:\/\/www.matthias-film.de\/\" target=\"_blank\" rel=\"noopener\">Matthias Film gGmbH<\/a><br \/>\n<a href=\"http:\/\/www.filmservice.at\/\" target=\"_blank\" rel=\"noopener\">\u00d6sterreichischer Filmservice<\/a><br \/>\n<a href=\"http:\/\/www.heinzundhorst.de\" target=\"_blank\" rel=\"noopener\">Heinz&amp;Horst Media<\/a><br \/>\n<a href=\"https:\/\/wolfereleasing.com\/\" target=\"_blank\" rel=\"noopener\">Wolfe Release <\/a><br \/>\n<a href=\"http:\/\/www.logotv.com\/\" target=\"_blank\" rel=\"noopener\">LOGOnetwork MTV<\/a><br \/>\n<a href=\"http:\/\/www.tritv.co.nz\/\" target=\"_blank\" rel=\"noopener\">Triangle TV <\/a><br \/>\n<a href=\"https:\/\/www.br.de\/fernsehen\/index.html\" target=\"_blank\" rel=\"noopener\">Bayerischer Rundfunk<\/a><br \/>\n<a href=\"https:\/\/www.hr-fernsehen.de\/index.html\" target=\"_blank\" rel=\"noopener\">Hessischer Rundfunk<\/a><\/p>\n<p><strong>L\u00e4nge: <\/strong>21 Minuten + 14 Minuten (Interviews optional)<br \/>\n<strong>Ton: <\/strong>Dolby SR<br \/>\n<strong>FSK: <\/strong>ab 12 Jahre<br \/>\n<strong>Formate:<\/strong> 35mm 1:1,85 \/ HD Cam 16:9 \/ DigiBeta 16:9 \/ VHS \/ DVD<\/p>\n<p><strong>Festivals:<\/strong><br \/>\n1. <a href=\"http:\/\/www.corkfilmfest.org\" target=\"_blank\" rel=\"noopener\">50th Cork Film Festival<\/a> (Ireland) 2005<br \/>\n2. <a href=\"http:\/\/www.seattlequeerfilm.com\" target=\"_blank\" rel=\"noopener\">Seattle Lesbian &amp; Gay Film Festival<\/a> (USA) 2005<br \/>\n3. <a href=\"http:\/\/www.filmgipfel.de\" target=\"_blank\" rel=\"noopener\">Filmgipfel Oberstdorf<\/a> (Germany) 2005<br \/>\n4. <a href=\"http:\/\/www.queerscreen.com.au\" target=\"_blank\" rel=\"noopener\">Mardy Gras Film Festival Sydney<\/a> (Australia) 2006<br \/>\n5. <a href=\"http:\/\/www.melbournequeerfilm.com.au\" target=\"_blank\" rel=\"noopener\">16th Melbourne Queer Film Festival<\/a> (Australia) 2006<br \/>\n6. <a href=\"http:\/\/www.descargacubana.co.nz\" target=\"_blank\" rel=\"noopener\">Cinechico Short Film Night Auckland<\/a> (New Zealand) 2006<br \/>\n7. <a href=\"http:\/\/www.afianopop.com\" target=\"_blank\" rel=\"noopener\">Aarhus Festival Of Independent Arts<\/a> (AFIA, Denmark) 2006<br \/>\n8. <a href=\"http:\/\/www.schwule-filmwoche.de\" target=\"_blank\" rel=\"noopener\">Schwule Filmwoche Freiburg<\/a> (Germany) 2006<br \/>\n9. <a href=\"http:\/\/www.pinkapple.ch\" target=\"_blank\" rel=\"noopener\">Pink Apple Filmfestival Z\u00fcrich<\/a> (Switzerland) 2006<br \/>\n10. <a href=\"http:\/\/www.insideout.ca\" target=\"_blank\" rel=\"noopener\">Inside Out Toronto Film Festival <\/a>(Canada) 2006<br \/>\n11. <a href=\"http:\/\/www.newfest.org\" target=\"_blank\" rel=\"noopener\">NewFest &#8211; The 18th New York LGBT Film Festival<\/a> (USA) 2006<br \/>\n12. <a href=\"http:\/\/www.frameline.org\" target=\"_blank\" rel=\"noopener\">Frameline30 San Francisco Internat. LGBT Film Festival<\/a> (USA) 2006<br \/>\n13. <a href=\"http:\/\/www.phillyfests.com\" target=\"_blank\" rel=\"noopener\">Philadelphia International Gay &amp; Lesbian Film Festival<\/a> (USA) 2006<br \/>\n14. <a href=\"http:\/\/www.lisbonfilmfest.com\" target=\"_blank\" rel=\"noopener\">10th Lisbon Gay and Lesbian Film Festival<\/a> (Portugal) 2006<br \/>\n15. <a href=\"http:\/\/www.reelaffirmations.org\" target=\"_blank\" rel=\"noopener\">Reel Affirmations 16 Washington DC <\/a>(USA) 2006<br \/>\n16. <a href=\"http:\/\/www.mixbrasil.org.br\" target=\"_blank\" rel=\"noopener\">14th Festival Mix Brasil<\/a>, Sao Paolo, Rio de Janeiro, Brasilia 2006<br \/>\n17. <a href=\"http:\/\/www.festivaldelsol.info\" target=\"_blank\" rel=\"noopener\">Festival del Sol \u2013 Int. Festival of Canary Islands<\/a> (Spain) 2007<br \/>\n18. <a href=\"http:\/\/www.festivaldelmar.com\" target=\"_blank\" rel=\"noopener\">Festival del Mar &#8211; Ibiza &amp; Mallorca International Film Festival<\/a> (Spain) 2007<br \/>\n19. <a href=\"http:\/\/www.pryzmatfestiwal.waw.pl\" target=\"_blank\" rel=\"noopener\">Festiwal Filmowy Pryzmat Warsaw<\/a> (Poland) 2007<\/p>\n<p><strong>Pressebetreuung:<\/strong><br \/>\n<a href=\"http:\/\/www.ulrichgroup.de\/home.html\" target=\"_blank\" rel=\"noopener\">Ulrich Group GmbH<\/a>, M\u00fcnchen, Telefon: 089 \/ 439 84 00<br \/>\nE-Mail: info@ulrichgroup.de<\/p>\n<p><a href=\"http:\/\/2018.paradigma-entertainment.com\/wp-content\/uploads\/2018\/05\/Screening-History-OUT-NOW.pdf\" target=\"_blank\" rel=\"noopener\">Screening History OUT NOW<\/a><\/p>\n<p><a href=\"http:\/\/2018.paradigma-entertainment.com\/wp-content\/uploads\/2018\/05\/OUT-NOW-Arbeitsbl\u00e4tter.pdf\" target=\"_blank\" rel=\"noopener\">OUT NOW Arbeitsbl\u00e4tter<\/a><\/p>\n<p><a href=\"http:\/\/2018.paradigma-entertainment.com\/wp-content\/uploads\/2018\/05\/OUT-NOW-Infoflyer.pdf\" target=\"_blank\" rel=\"noopener\">OUT NOW Infoflyer<\/a><\/p>\n","protected":false},"excerpt":{"rendered":"<p>Produzent &amp; Regie: Sven J. Matten Drehbuch: Tina Schulte &amp; Renatus T\u00f6pke Genre: Coming of Age Kamera: Michael Sigloch Schnitt: Anna Vogel Produktionsleitung: Udo Alter Besetzung: Dennis Prinz, Veit Messerschmidt, David Langer, Jennifer Schmid, Dunja Bengsch Musik: Michael Bauer, Florian Moser, Benedikt Brachtel, Hans-Peter Str\u00f6er Logline: Nach einigen dramatischen Ereignissen erkennt der 16-j\u00e4hrige schwule Tom, &hellip; <\/p>\n<p class=\"link-more\"><a href=\"https:\/\/paradigma-entertainment.com\/?page_id=150&#038;lang=de\" class=\"more-link\"><span class=\"screen-reader-text\">\u201eOut Now (2005)\u201c <\/span>weiterlesen<\/a><\/p>\n","protected":false},"author":1,"featured_media":0,"parent":0,"menu_order":0,"comment_status":"closed","ping_status":"closed","template":"","meta":{"_angie_page":false,"footnotes":""},"class_list":["post-150","page","type-page","status-publish","hentry"],"_links":{"self":[{"href":"https:\/\/paradigma-entertainment.com\/index.php?rest_route=\/wp\/v2\/pages\/150","targetHints":{"allow":["GET"]}}],"collection":[{"href":"https:\/\/paradigma-entertainment.com\/index.php?rest_route=\/wp\/v2\/pages"}],"about":[{"href":"https:\/\/paradigma-entertainment.com\/index.php?rest_route=\/wp\/v2\/types\/page"}],"author":[{"embeddable":true,"href":"https:\/\/paradigma-entertainment.com\/index.php?rest_route=\/wp\/v2\/users\/1"}],"replies":[{"embeddable":true,"href":"https:\/\/paradigma-entertainment.com\/index.php?rest_route=%2Fwp%2Fv2%2Fcomments&post=150"}],"version-history":[{"count":17,"href":"https:\/\/paradigma-entertainment.com\/index.php?rest_route=\/wp\/v2\/pages\/150\/revisions"}],"predecessor-version":[{"id":738,"href":"https:\/\/paradigma-entertainment.com\/index.php?rest_route=\/wp\/v2\/pages\/150\/revisions\/738"}],"wp:attachment":[{"href":"https:\/\/paradigma-entertainment.com\/index.php?rest_route=%2Fwp%2Fv2%2Fmedia&parent=150"}],"curies":[{"name":"wp","href":"https:\/\/api.w.org\/{rel}","templated":true}]}}