{"id":18,"date":"2018-05-03T10:01:42","date_gmt":"2018-05-03T10:01:42","guid":{"rendered":"http:\/\/2018.paradigma-entertainment.com\/?page_id=18"},"modified":"2023-07-20T16:20:41","modified_gmt":"2023-07-20T14:20:41","slug":"trailer","status":"publish","type":"page","link":"https:\/\/paradigma-entertainment.com\/?page_id=18&lang=de","title":{"rendered":"Lost Kruger Gold (in Entwicklung)"},"content":{"rendered":"<p><img fetchpriority=\"high\" decoding=\"async\" class=\"alignnone size-large wp-image-620\" src=\"http:\/\/2018.paradigma-entertainment.com\/wp-content\/uploads\/2018\/05\/Screenshot-2018-05-16-16.29.01-1-1024x576.png\" alt=\"\" width=\"525\" height=\"295\" srcset=\"https:\/\/paradigma-entertainment.com\/wp-content\/uploads\/2018\/05\/Screenshot-2018-05-16-16.29.01-1-1024x576.png 1024w, https:\/\/paradigma-entertainment.com\/wp-content\/uploads\/2018\/05\/Screenshot-2018-05-16-16.29.01-1-300x169.png 300w, https:\/\/paradigma-entertainment.com\/wp-content\/uploads\/2018\/05\/Screenshot-2018-05-16-16.29.01-1-768x432.png 768w, https:\/\/paradigma-entertainment.com\/wp-content\/uploads\/2018\/05\/Screenshot-2018-05-16-16.29.01-1.png 1920w\" sizes=\"(max-width: 525px) 100vw, 525px\" \/><\/p>\n<p><strong>Format: <\/strong> Kinospielfilm, 120 Minuten<br \/>\n<strong>Genre: <\/strong> Action\/Adventure<br \/>\n<strong>Locations: <\/strong> Germany \/ Belgium \/ South Africa<\/p>\n<p><strong>Regie: <\/strong><a href=\"http:\/\/www.imdb.com\/name\/nm1672027\/\" target=\"_blank\" rel=\"noopener\">Sven J. Matten<\/a><\/p>\n<p><strong>Produzenten:<\/strong><br \/>\nMaynard Kraak \/ <a href=\"http:\/\/www.westfivefilms.com\" target=\"_blank\" rel=\"noopener\">West Five Films<\/a><br \/>\nSven J. Matten \/ <a href=\"http:\/\/2023.paradigma-entertainment.com\" target=\"_blank\" rel=\"noopener\">Paradigma Entertainment<\/a><\/p>\n<p><strong>Logline:<\/strong><br \/>\nAls Chris Durand pl\u00f6tzlich in eine Schatzsuche nach Afrikas verschollenen Kr\u00fcger-Millionen hineingezogen wird, trifft er w\u00e4hrend dieses Abenteuers auf seine inzwischen wundersch\u00f6ne Jugendhassliebe sowie auf einen altbekannten gef\u00e4hrlichen Rivalen, der ihn, weitaus besser ger\u00fcstet als er selbst, herausfordert und ihn schlie\u00dflich zur sagenumwobenen und lange verschollenen Stadt Ebonkizwe f\u00fchrt, wo Chris von einem dunklen Familiengeheimnis eingeholt wird.<\/p>\n<p><strong>Synopsis:<\/strong><br \/>\nIn einem kleinen afrikanischen Dorf bricht pl\u00f6tzlich ein Feuergefecht aus. Chris Durand, mitte drei\u00dfig, smart aber v\u00f6llig planlos, entkommt, ein goldenes Amulett \u2013 das Ebonkizwe-Medaillon \u2013 in der Hand: Der seit Jahren erste Hinweis auf das gestohlene Buren-Gold, das auf \u00fcber 250 Millionen Dollar gesch\u00e4tzt wird. Pl\u00f6tzlich findet sich der l\u00e4ssige Abenteurer auf einer ziemlich ernsten Jagd nach dem sagenumwobenen, verlorenen Kr\u00fcgergold wieder.<br \/>\nChris kehrt zu seinem Mentor, dem exzentrischen Philip J. De Villiers, zur\u00fcck, um die im Amulett verborgenen R\u00e4tsel zu entschl\u00fcsseln \u2013 nur um zu erfahren, dass sein langj\u00e4hriger Rivale Hannes Steyn dem Gold auch auf der Spur ist. Und nicht nur das: Auch De Villiers entfremdete Tochter Susanna, eine bekannte Historikerin und Romanautorin, wurde von Steyn als Geisel genommen.<br \/>\nSo macht sich Chris auf den Weg das Gold zu finden \u2013 und auch ein klein wenig um seine alte Hassliebe zu retten.<br \/>\nChris tritt, unterst\u00fctzt von De Villiers und einem Stra\u00dfenkind namens TJ, gegen Hannes Steyn und seine S\u00f6ldner an, um den n\u00e4chsten Hinweis zu finden, der sie zum Gold f\u00fchren wird. Dabei wird schnell klar, dass Kr\u00fcgers verlorene Millionen wohl nicht das ultimative Ziel sind. Ger\u00fcchte und R\u00e4tsel deuten auf einen alten Mythos hin: Die vergessene und verlorene afrikanische Stadt Ebonkizwe, von der man annimmt, dass sie eine alte verlorene Zivilisation sei \u2013 eine fortschrittliche, mit Gold \u00fcberh\u00e4ufte Gesellschaft, die \u00e4lter ist als jede andere bekannte Kultur der Erde.<br \/>\nDieses Abenteuer f\u00fchrt alle Beteiligten auf eine Verfolgungsjagd quer durch S\u00fcdafrika, vom Dschungel von KwaZulu Natal \u00fcber das Buschland von Mpumalanga bis zu den pr\u00e4chtigen Museen und Kirchen von Pretoria.<br \/>\nAber wo wird ihr Weg enden? Und was werden sie finden, wenn sie dort ankommen? Und was wird Chris schlie\u00dflich \u00fcber seine dunkle und geheimnisvolle Kindheit erfahren, die ihn in jungen Jahren zum Waisen machte?<br \/>\nDie Jagd ist er\u00f6ffnet!<\/p>\n<p>Lost Kruger Gold auf <a href=\"https:\/\/www.imdb.com\/title\/tt6798030\/\" target=\"_blank\" rel=\"noopener\">IMDb<\/a><\/p>\n<p><iframe src=\"https:\/\/player.vimeo.com\/video\/193488013\" width=\"640\" height=\"360\" frameborder=\"0\" allowfullscreen=\"allowfullscreen\"><\/iframe><\/p>\n","protected":false},"excerpt":{"rendered":"<p>Format: Kinospielfilm, 120 Minuten Genre: Action\/Adventure Locations: Germany \/ Belgium \/ South Africa Regie: Sven J. Matten Produzenten: Maynard Kraak \/ West Five Films Sven J. Matten \/ Paradigma Entertainment Logline: Als Chris Durand pl\u00f6tzlich in eine Schatzsuche nach Afrikas verschollenen Kr\u00fcger-Millionen hineingezogen wird, trifft er w\u00e4hrend dieses Abenteuers auf seine inzwischen wundersch\u00f6ne Jugendhassliebe sowie &hellip; <\/p>\n<p class=\"link-more\"><a href=\"https:\/\/paradigma-entertainment.com\/?page_id=18&#038;lang=de\" class=\"more-link\"><span class=\"screen-reader-text\">\u201eLost Kruger Gold (in Entwicklung)\u201c <\/span>weiterlesen<\/a><\/p>\n","protected":false},"author":1,"featured_media":0,"parent":0,"menu_order":0,"comment_status":"closed","ping_status":"closed","template":"","meta":{"_angie_page":false,"footnotes":""},"class_list":["post-18","page","type-page","status-publish","hentry"],"_links":{"self":[{"href":"https:\/\/paradigma-entertainment.com\/index.php?rest_route=\/wp\/v2\/pages\/18","targetHints":{"allow":["GET"]}}],"collection":[{"href":"https:\/\/paradigma-entertainment.com\/index.php?rest_route=\/wp\/v2\/pages"}],"about":[{"href":"https:\/\/paradigma-entertainment.com\/index.php?rest_route=\/wp\/v2\/types\/page"}],"author":[{"embeddable":true,"href":"https:\/\/paradigma-entertainment.com\/index.php?rest_route=\/wp\/v2\/users\/1"}],"replies":[{"embeddable":true,"href":"https:\/\/paradigma-entertainment.com\/index.php?rest_route=%2Fwp%2Fv2%2Fcomments&post=18"}],"version-history":[{"count":19,"href":"https:\/\/paradigma-entertainment.com\/index.php?rest_route=\/wp\/v2\/pages\/18\/revisions"}],"predecessor-version":[{"id":994,"href":"https:\/\/paradigma-entertainment.com\/index.php?rest_route=\/wp\/v2\/pages\/18\/revisions\/994"}],"wp:attachment":[{"href":"https:\/\/paradigma-entertainment.com\/index.php?rest_route=%2Fwp%2Fv2%2Fmedia&parent=18"}],"curies":[{"name":"wp","href":"https:\/\/api.w.org\/{rel}","templated":true}]}}