{"id":8,"date":"2018-05-03T10:01:41","date_gmt":"2018-05-03T10:01:41","guid":{"rendered":"http:\/\/2018.paradigma-entertainment.com\/?page_id=8"},"modified":"2022-02-23T19:44:57","modified_gmt":"2022-02-23T18:44:57","slug":"willkommen","status":"publish","type":"page","link":"https:\/\/paradigma-entertainment.com\/?page_id=8&lang=de","title":{"rendered":"Home"},"content":{"rendered":"<p><strong>WILLKOMMEN BEI PARADIGMA ENTERTAINMENT<\/strong><\/p>\n<p>Seit seiner Gr\u00fcndung im Jahr 1999 liegt der Fokus von Paradigma Entertainment auf der Produktion hochwertiger unabh\u00e4ngiger Kinofilme f\u00fcr ein internationales Publikum. Neben der Entwicklung eigener Projekte hat sich das Unternehmen mit seinen Partnern auf Filmfinanzierung spezialisiert, mit Schwerpunkt auf Private Equity und Venture Capital. Unser Schaffen konzentriert sich neben der deutschsprachigen Region auf Produktionen in Kanada mit lokalen kanadischen Partnern sowie unserenTochterunternehmen .<\/p>\n<p><iframe src=\"https:\/\/player.vimeo.com\/video\/269655765\" width=\"640\" height=\"360\" frameborder=\"0\" allowfullscreen=\"allowfullscreen\"><\/iframe><\/p>\n<p>Paradigma Entertainment unterst\u00fctzt<br \/>\n<a href=\"http:\/\/bernhardwickigedaechtnisfonds.de\/friedenspreis\/\" target=\"_blank\" rel=\"noopener\">Bernhard-Wicki-Filmpreis \u2013 Die Br\u00fccke \u2013 Der Friedenspreis des Deutschen Films<\/a><\/p>\n<p><iframe src=\"https:\/\/player.vimeo.com\/video\/269661139\" width=\"640\" height=\"345\" frameborder=\"0\" allowfullscreen=\"allowfullscreen\"><\/iframe><\/p>\n","protected":false},"excerpt":{"rendered":"<p>WILLKOMMEN BEI PARADIGMA ENTERTAINMENT Seit seiner Gr\u00fcndung im Jahr 1999 liegt der Fokus von Paradigma Entertainment auf der Produktion hochwertiger unabh\u00e4ngiger Kinofilme f\u00fcr ein internationales Publikum. Neben der Entwicklung eigener Projekte hat sich das Unternehmen mit seinen Partnern auf Filmfinanzierung spezialisiert, mit Schwerpunkt auf Private Equity und Venture Capital. Unser Schaffen konzentriert sich neben der &hellip; <\/p>\n<p class=\"link-more\"><a href=\"https:\/\/paradigma-entertainment.com\/?page_id=8&#038;lang=de\" class=\"more-link\"><span class=\"screen-reader-text\">\u201eHome\u201c <\/span>weiterlesen<\/a><\/p>\n","protected":false},"author":1,"featured_media":0,"parent":0,"menu_order":0,"comment_status":"closed","ping_status":"closed","template":"","meta":{"_angie_page":false,"footnotes":""},"class_list":["post-8","page","type-page","status-publish","hentry"],"_links":{"self":[{"href":"https:\/\/paradigma-entertainment.com\/index.php?rest_route=\/wp\/v2\/pages\/8","targetHints":{"allow":["GET"]}}],"collection":[{"href":"https:\/\/paradigma-entertainment.com\/index.php?rest_route=\/wp\/v2\/pages"}],"about":[{"href":"https:\/\/paradigma-entertainment.com\/index.php?rest_route=\/wp\/v2\/types\/page"}],"author":[{"embeddable":true,"href":"https:\/\/paradigma-entertainment.com\/index.php?rest_route=\/wp\/v2\/users\/1"}],"replies":[{"embeddable":true,"href":"https:\/\/paradigma-entertainment.com\/index.php?rest_route=%2Fwp%2Fv2%2Fcomments&post=8"}],"version-history":[{"count":12,"href":"https:\/\/paradigma-entertainment.com\/index.php?rest_route=\/wp\/v2\/pages\/8\/revisions"}],"predecessor-version":[{"id":932,"href":"https:\/\/paradigma-entertainment.com\/index.php?rest_route=\/wp\/v2\/pages\/8\/revisions\/932"}],"wp:attachment":[{"href":"https:\/\/paradigma-entertainment.com\/index.php?rest_route=%2Fwp%2Fv2%2Fmedia&parent=8"}],"curies":[{"name":"wp","href":"https:\/\/api.w.org\/{rel}","templated":true}]}}