{"id":853,"date":"2020-02-05T12:35:23","date_gmt":"2020-02-05T11:35:23","guid":{"rendered":"https:\/\/www.paradigma-entertainment.com\/?page_id=853"},"modified":"2025-07-15T19:13:39","modified_gmt":"2025-07-15T17:13:39","slug":"a-good-boy-in-entwicklung","status":"publish","type":"page","link":"https:\/\/paradigma-entertainment.com\/?page_id=853&lang=de","title":{"rendered":"A GOOD BOY (in Entwicklung)"},"content":{"rendered":"\n<figure class=\"wp-block-image size-large\"><img fetchpriority=\"high\" decoding=\"async\" width=\"1024\" height=\"344\" src=\"http:\/\/2023.paradigma-entertainment.com\/wp-content\/uploads\/2022\/02\/Bild1-1024x344.png\" alt=\"\" class=\"wp-image-933\" srcset=\"https:\/\/paradigma-entertainment.com\/wp-content\/uploads\/2022\/02\/Bild1-1024x344.png 1024w, https:\/\/paradigma-entertainment.com\/wp-content\/uploads\/2022\/02\/Bild1-300x101.png 300w, https:\/\/paradigma-entertainment.com\/wp-content\/uploads\/2022\/02\/Bild1-768x258.png 768w, https:\/\/paradigma-entertainment.com\/wp-content\/uploads\/2022\/02\/Bild1.png 1409w\" sizes=\"(max-width: 767px) 89vw, (max-width: 1000px) 54vw, (max-width: 1071px) 543px, 580px\" \/><\/figure>\n\n\n\n<p><strong>Format: <\/strong> Kinospielfilm,  120 Minuten<br><strong>Genre: <\/strong> Psychodrama<\/p>\n\n\n\n<p><strong>Regie:                      <\/strong><a href=\"http:\/\/www.imdb.com\/name\/nm1672027\/\" target=\"_blank\" rel=\"noreferrer noopener\">Sven J. Matten<\/a><br><strong>Drehbuch:            <\/strong><a href=\"https:\/\/www.imdb.com\/name\/nm3579885\/\" data-type=\"URL\" data-id=\"https:\/\/www.imdb.com\/name\/nm3579885\/\" target=\"_blank\" rel=\"noreferrer noopener\">Kristian Hodko<\/a> &amp; <a href=\"http:\/\/www.imdb.com\/name\/nm1672027\/\" target=\"_blank\" rel=\"noreferrer noopener\">Sven J. Matten<\/a><br><strong>Produzenten:<\/strong> <a href=\"https:\/\/www.imdb.com\/name\/nm2837360\/\" data-type=\"URL\" data-id=\"https:\/\/www.imdb.com\/name\/nm2837360\/\" target=\"_blank\" rel=\"noreferrer noopener\">Michel Vandewalle<\/a>, <a href=\"http:\/\/www.imdb.com\/name\/nm1672027\/\" target=\"_blank\" rel=\"noreferrer noopener\">Sven J. Matten<\/a> <br><strong>Casting:<\/strong> <a href=\"http:\/\/www.zimmermanncasting.com\/\" target=\"_blank\" rel=\"noreferrer noopener\">Jeremy Zimmermann<\/a><br><strong>Musik:                     <\/strong><a href=\"https:\/\/www.imdb.com\/name\/nm1463465\/?ref_=nv_sr_srsg_0\" target=\"_blank\" rel=\"noreferrer noopener\">Darren Fung<\/a><\/p>\n\n\n\n<p><strong>Weltvertrieb:   <\/strong><a rel=\"noreferrer noopener\" href=\"http:\/\/www.atlasfilm.com\/\" data-type=\"URL\" data-id=\"http:\/\/www.atlasfilm.com\/\" target=\"_blank\">atlas international film<\/a><\/p>\n\n\n\n<p><\/p>\n\n\n\n<p><strong>Logline:<\/strong><br>Jan, ein in seiner Kindheit missbrauchter intersexueller Mann, versucht sein Erwachsenenleben in den Griff zu bekommen aber selbst seine engsten Freunde k\u00f6nnen ihm nicht helfen gl\u00fccklich zu werden.<\/p>\n\n\n\n<p>Der neue Spielfilm von Sven J. Matten nach seinem letzten Erfolg &#8222;Steel&#8220;.&nbsp; A GOOD BOY ist ein emotional getriebenes Psychodrama, \u00e4hnlich wie Krzysztof Kie\u015blowski&#8217;s Werk &#8222;Trois Couleurs: Bleu&#8220; seiner Drei-Farben-Trilogie und mit Elementen aktueller Fernseh-\/Streaming-Serien wie &#8222;Sex Education&#8220;, &#8222;Gossip Girl&#8220; und &#8222;Grace &amp; Frankie&#8220;, geplante Realisierung im Jahr 2024.<\/p>\n\n\n\n<p><strong>Synopsis:<\/strong><\/p>\n\n\n\n<p>Dies ist das au\u00dfergew\u00f6hnliche Leben von Jan, einem intersexuellen Mann, der als Kind von seinem eigenen Vater f\u00fcr Sex verkauft wurde. Wir verfolgen seine au\u00dfergew\u00f6hnliche Reise durch seine Kindheit, seine Teenagerjahre und schlie\u00dflich sein Erwachsenenleben, in dem er ein erfolgreicher Gesch\u00e4ftsmann wird und unerm\u00fcdlich versucht, ein normales Leben zu f\u00fchren.<br>Dank seines Mutes gelingt es Jan als kleines Kind von zu Hause zu fliehen, nur um von einem langj\u00e4hrigen Kunden seines Vaters umgehend aufgegriffen zu werden. Im Alter von acht Jahren wird Jan in ein Zimmer gesperrt und jahrelang gefangen gehalten, w\u00e4hrend die Misshandlungen weitergehen. Mit 13 gelingt Jan schlie\u00dflich die Flucht und er wird von einer liebevollen Pflegefamilie aufgenommen.  Jans jahrelange Vernachl\u00e4ssigung zeigt sich in seinem Verhalten und seinen sozialen \u00c4ngsten, aber die W\u00e4rme und Aufrichtigkeit seiner neuen Adoptivfamilie helfen ihm zu heilen &#8211; genug, um zumindest ein halbwegs normales Leben zu f\u00fchren. Jans beste Jahre sind die im sp\u00e4ten Teenageralter, als er das College besucht und es schafft eine Bindung zu zwei seiner Zimmergenossen, Sebastian und Oliver, aufzubauen. Es ist eine Freundschaft, die den Rest von Jans Leben andauern wird. Zu dieser Zeit erkundet Jan auch seine eigene Sexualit\u00e4t &#8211; mit vielen gescheiterten Begegnungen. Jans emotionale und psychologische Beeintr\u00e4chtigung durch sein Trauma hindert ihn daran, gesunde Beziehungen zu f\u00fchren, wobei es nicht daran liegt, dass er es nicht wirklich versuchen w\u00fcrde. Jan verdr\u00e4ngt seine Vergangenheit, indem er sich auf sein Studium und die Leichtathletik konzentriert, was dazu f\u00fchrt, dass er akademisch brillant und hoch funktional &#8211; doch die Vergangenheit l\u00e4sst ihn nie lange los. Jan findet einen neuen Weg, mit seiner Vergangenheit umzugehen, der ihn f\u00fcr den Rest seines Lebens begleiten wird: er beginnt sich zu ritzen und selbst zu verletzen um inneren Druck abzubauen und Gef\u00fchle zu entwickeln.<br>Als Erwachsener f\u00fchrt Jan eine erfolgreiche Investmentfirma und baut f\u00fcr sich und seine Freunde, seine Wahlfamilie, gro\u00dfen Reichtum auf, aber der zunehmende innere Druck verschlimmert sein selbstverletzendes Verhalten. Er sucht medizinische Hilfe bei seinem engen Freund und Vertrauten Sebastian, inzwischen praktizierender Arzt. Sebastian besteht darauf, dass Jan sich einer physiologischen Therapie unterzieht, doch er ist dazu nicht in der Lage.<br>Im Laufe der Jahre verschlimmert sich Jans Zustand. Hinzu kommt eine wiederkehrende Krebserkrankung. Seine Freunde kommen ihm zu Hilfe. Jan kauft f\u00fcr alle ein Strandhaus, in dem er sich zur Ruhe setzen will. Nach einer unwirksamen Chemotherapie beschlie\u00dft Sebastian, bei Jan zu wohnen und ihn wieder gesund zu pflegen.<br>Seine Freunde versuchen verzweifelt, Jan davon zu \u00fcberzeugen, sich Hilfe zu suchen, um sein tief verwurzeltes Trauma zu bew\u00e4ltigen, aber ihre Bem\u00fchungen sind erfolglos. In seinen letzten Tagen ist Jan mit Sebastian zusammen &#8211; ihre bislang platonische Liebe beginnt zu erbl\u00fchen. Auch wenn ihre Beziehung nie sexuell gewesen war, geben ihr Vertrauen und ihre emotionale N\u00e4he Jan ein Gef\u00fchl der Ruhe und Zugeh\u00f6rigkeit.<br>Eines Nachts ritzt sich Jan zu stark und tief. Sebastian kann in gerade noch retten und versorgt seine Wunden, und Jan hat das Bed\u00fcrfnis, seinem Freund zu danken &#8211; auf die einzige Art, die er kennt: Jans jahrelange sexuelle Konditionierung als Kind kommt zum Tragen und er versucht wie ferngesteuert und automatisch, Sebastian sexuell zu verf\u00fchren, so wie er es gelernt hat mit Kunden umzugehen &#8211; bis Sebastian endlich begreift, was gerade geschieht, und Jan stoppt.<br>Wenig sp\u00e4ter bricht Jan zusammen. Seine Freunde, seine Wahlfamilie versammelt sich um ihn im Krankenhausbett, wo sie erfahren, dass er sich nicht mehr erholen wird.<\/p>\n\n\n\n<p><a href=\"https:\/\/paradigma-entertainment.com\/wp-content\/uploads\/2024\/03\/20240226-PitchBook-A-GOOD-BOY-web.pdf\" target=\"_blank\" rel=\"noreferrer noopener\">Pitch Book A GOOD BOY<\/a><\/p>\n\n\n\n<p><\/p>\n\n\n\n<figure class=\"wp-block-embed is-type-video is-provider-vimeo wp-block-embed-vimeo wp-embed-aspect-16-9 wp-has-aspect-ratio\"><div class=\"wp-block-embed__wrapper\">\n<iframe src=\"https:\/\/player.vimeo.com\/video\/1101600810?dnt=1&amp;app_id=122963\" width=\"525\" height=\"295\" frameborder=\"0\" allow=\"autoplay; fullscreen; picture-in-picture; clipboard-write; encrypted-media; web-share\"><\/iframe>\n<\/div><\/figure>\n","protected":false},"excerpt":{"rendered":"<p>Format: Kinospielfilm, 120 MinutenGenre: Psychodrama Regie: Sven J. MattenDrehbuch: Kristian Hodko &amp; Sven J. MattenProduzenten: Michel Vandewalle, Sven J. Matten Casting: Jeremy ZimmermannMusik: Darren Fung Weltvertrieb: atlas international film Logline:Jan, ein in seiner Kindheit missbrauchter intersexueller Mann, versucht sein Erwachsenenleben in den Griff zu bekommen aber selbst seine engsten Freunde k\u00f6nnen ihm nicht helfen gl\u00fccklich &hellip; <\/p>\n<p class=\"link-more\"><a href=\"https:\/\/paradigma-entertainment.com\/?page_id=853&#038;lang=de\" class=\"more-link\"><span class=\"screen-reader-text\">\u201eA GOOD BOY (in Entwicklung)\u201c <\/span>weiterlesen<\/a><\/p>\n","protected":false},"author":1,"featured_media":0,"parent":0,"menu_order":0,"comment_status":"closed","ping_status":"closed","template":"","meta":{"_angie_page":false,"footnotes":""},"class_list":["post-853","page","type-page","status-publish","hentry"],"_links":{"self":[{"href":"https:\/\/paradigma-entertainment.com\/index.php?rest_route=\/wp\/v2\/pages\/853","targetHints":{"allow":["GET"]}}],"collection":[{"href":"https:\/\/paradigma-entertainment.com\/index.php?rest_route=\/wp\/v2\/pages"}],"about":[{"href":"https:\/\/paradigma-entertainment.com\/index.php?rest_route=\/wp\/v2\/types\/page"}],"author":[{"embeddable":true,"href":"https:\/\/paradigma-entertainment.com\/index.php?rest_route=\/wp\/v2\/users\/1"}],"replies":[{"embeddable":true,"href":"https:\/\/paradigma-entertainment.com\/index.php?rest_route=%2Fwp%2Fv2%2Fcomments&post=853"}],"version-history":[{"count":26,"href":"https:\/\/paradigma-entertainment.com\/index.php?rest_route=\/wp\/v2\/pages\/853\/revisions"}],"predecessor-version":[{"id":1031,"href":"https:\/\/paradigma-entertainment.com\/index.php?rest_route=\/wp\/v2\/pages\/853\/revisions\/1031"}],"wp:attachment":[{"href":"https:\/\/paradigma-entertainment.com\/index.php?rest_route=%2Fwp%2Fv2%2Fmedia&parent=853"}],"curies":[{"name":"wp","href":"https:\/\/api.w.org\/{rel}","templated":true}]}}